{"id":111857,"date":"2026-04-09T16:08:11","date_gmt":"2026-04-09T13:08:11","guid":{"rendered":"https:\/\/vilniustech.lt\/lithuanian-maritime-academy\/for-seafarers\/motoriniu-pramoginiu-laivu-laivavedziu-kursai\/"},"modified":"2026-04-09T16:29:23","modified_gmt":"2026-04-09T13:29:23","slug":"for-boatmasters-and-captains-of-leisure-powerboats","status":"publish","type":"page","link":"https:\/\/vilniustech.lt\/en\/lithuanian-maritime-academy\/for-seafarers\/for-boatmasters-and-captains-of-leisure-powerboats\/","title":{"rendered":"For boatmasters and captains of leisure powerboats"},"content":{"rendered":"","protected":false},"excerpt":{"rendered":"","protected":false},"author":6,"featured_media":0,"parent":85541,"menu_order":0,"comment_status":"closed","ping_status":"closed","template":"tp-master.php","meta":{"_acf_changed":false,"footnotes":""},"class_list":["post-111857","page","type-page","status-publish","hentry"],"acf":[],"yoast_head":"<!-- This site is optimized with the Yoast SEO plugin v27.4 - https:\/\/yoast.com\/product\/yoast-seo-wordpress\/ -->\n<title>VILNIUS TECH J\u016brinink\u0173 mokymo centras \u2013 j\u016brininkams<\/title>\n<meta name=\"description\" content=\"VILNIUS TECH J\u016brinink\u0173 mokymo centras \u2013 j\u016brininkams si\u016blo STCW, vidaus vanden\u0173 specialist\u0173 kursus bei mokymus pramogini\u0173 laiv\u0173 laivaved\u017eiams.\" \/>\n<meta name=\"robots\" content=\"index, follow, max-snippet:-1, max-image-preview:large, max-video-preview:-1\" \/>\n<link rel=\"canonical\" href=\"https:\/\/vilniustech.lt\/en\/lithuanian-maritime-academy\/for-seafarers\/for-boatmasters-and-captains-of-leisure-powerboats\/\" \/>\n<meta property=\"og:locale\" content=\"en_US\" \/>\n<meta property=\"og:type\" content=\"article\" \/>\n<meta property=\"og:title\" content=\"VILNIUS TECH J\u016brinink\u0173 mokymo centras \u2013 j\u016brininkams\" \/>\n<meta property=\"og:description\" content=\"VILNIUS TECH J\u016brinink\u0173 mokymo centras \u2013 j\u016brininkams si\u016blo STCW, vidaus vanden\u0173 specialist\u0173 kursus bei mokymus pramogini\u0173 laiv\u0173 laivaved\u017eiams.\" \/>\n<meta property=\"og:url\" content=\"https:\/\/vilniustech.lt\/en\/lithuanian-maritime-academy\/for-seafarers\/for-boatmasters-and-captains-of-leisure-powerboats\/\" \/>\n<meta property=\"og:site_name\" content=\"VILNIUS TECH\" \/>\n<meta property=\"article:publisher\" content=\"https:\/\/www.facebook.com\/vilniustech\/\" \/>\n<meta property=\"article:modified_time\" content=\"2026-04-09T13:29:23+00:00\" \/>\n<meta name=\"twitter:card\" content=\"summary_large_image\" \/>\n<meta name=\"twitter:label1\" content=\"Est. reading time\" \/>\n\t<meta name=\"twitter:data1\" content=\"2 minutes\" \/>\n<script type=\"application\/ld+json\" class=\"yoast-schema-graph\">{\"@context\":\"https:\\\/\\\/schema.org\",\"@graph\":[{\"@type\":\"WebPage\",\"@id\":\"https:\\\/\\\/vilniustech.lt\\\/en\\\/lithuanian-maritime-academy\\\/for-seafarers\\\/for-boatmasters-and-captains-of-leisure-powerboats\\\/\",\"url\":\"https:\\\/\\\/vilniustech.lt\\\/en\\\/lithuanian-maritime-academy\\\/for-seafarers\\\/for-boatmasters-and-captains-of-leisure-powerboats\\\/\",\"name\":\"VILNIUS TECH J\u016brinink\u0173 mokymo centras \u2013 j\u016brininkams\",\"isPartOf\":{\"@id\":\"https:\\\/\\\/vilniustech.lt\\\/#website\"},\"datePublished\":\"2026-04-09T13:08:11+00:00\",\"dateModified\":\"2026-04-09T13:29:23+00:00\",\"description\":\"VILNIUS TECH J\u016brinink\u0173 mokymo centras \u2013 j\u016brininkams si\u016blo STCW, vidaus vanden\u0173 specialist\u0173 kursus bei mokymus pramogini\u0173 laiv\u0173 laivaved\u017eiams.\",\"breadcrumb\":{\"@id\":\"https:\\\/\\\/vilniustech.lt\\\/en\\\/lithuanian-maritime-academy\\\/for-seafarers\\\/for-boatmasters-and-captains-of-leisure-powerboats\\\/#breadcrumb\"},\"inLanguage\":\"en-US\",\"potentialAction\":[{\"@type\":\"ReadAction\",\"target\":[\"https:\\\/\\\/vilniustech.lt\\\/en\\\/lithuanian-maritime-academy\\\/for-seafarers\\\/for-boatmasters-and-captains-of-leisure-powerboats\\\/\"]}]},{\"@type\":\"BreadcrumbList\",\"@id\":\"https:\\\/\\\/vilniustech.lt\\\/en\\\/lithuanian-maritime-academy\\\/for-seafarers\\\/for-boatmasters-and-captains-of-leisure-powerboats\\\/#breadcrumb\",\"itemListElement\":[{\"@type\":\"ListItem\",\"position\":1,\"name\":\"Home\",\"item\":\"https:\\\/\\\/vilniustech.lt\\\/en\\\/\"},{\"@type\":\"ListItem\",\"position\":2,\"name\":\"Lithuanian Maritime Academy\",\"item\":\"https:\\\/\\\/vilniustech.lt\\\/en\\\/lithuanian-maritime-academy\\\/\"},{\"@type\":\"ListItem\",\"position\":3,\"name\":\"For Seafarers\",\"item\":\"https:\\\/\\\/vilniustech.lt\\\/en\\\/lithuanian-maritime-academy\\\/for-seafarers\\\/\"},{\"@type\":\"ListItem\",\"position\":4,\"name\":\"For boatmasters and captains of leisure powerboats\"}]},{\"@type\":\"WebSite\",\"@id\":\"https:\\\/\\\/vilniustech.lt\\\/#website\",\"url\":\"https:\\\/\\\/vilniustech.lt\\\/\",\"name\":\"VILNIUS TECH\",\"description\":\"\",\"publisher\":{\"@id\":\"https:\\\/\\\/vilniustech.lt\\\/#organization\"},\"alternateName\":\"Vilniaus Gedimino technikos universitetas\",\"potentialAction\":[{\"@type\":\"SearchAction\",\"target\":{\"@type\":\"EntryPoint\",\"urlTemplate\":\"https:\\\/\\\/vilniustech.lt\\\/?s={search_term_string}\"},\"query-input\":{\"@type\":\"PropertyValueSpecification\",\"valueRequired\":true,\"valueName\":\"search_term_string\"}}],\"inLanguage\":\"en-US\"},{\"@type\":\"Organization\",\"@id\":\"https:\\\/\\\/vilniustech.lt\\\/#organization\",\"name\":\"VILNIUS TECH\",\"alternateName\":\"Vilniaus Gedimino technikos universitetas\",\"url\":\"https:\\\/\\\/vilniustech.lt\\\/\",\"logo\":{\"@type\":\"ImageObject\",\"inLanguage\":\"en-US\",\"@id\":\"https:\\\/\\\/vilniustech.lt\\\/#\\\/schema\\\/logo\\\/image\\\/\",\"url\":\"https:\\\/\\\/test.vilniustech.lt\\\/wp-content\\\/uploads\\\/2025\\\/07\\\/download-1.png\",\"contentUrl\":\"https:\\\/\\\/test.vilniustech.lt\\\/wp-content\\\/uploads\\\/2025\\\/07\\\/download-1.png\",\"width\":347,\"height\":121,\"caption\":\"VILNIUS TECH\"},\"image\":{\"@id\":\"https:\\\/\\\/vilniustech.lt\\\/#\\\/schema\\\/logo\\\/image\\\/\"},\"sameAs\":[\"https:\\\/\\\/www.facebook.com\\\/vilniustech\\\/\",\"https:\\\/\\\/www.linkedin.com\\\/school\\\/vilniustech\\\/posts\\\/?feedView=all\",\"https:\\\/\\\/www.youtube.com\\\/channel\\\/UCW4UCKB80NlgnD7SBJZMAlQ\",\"https:\\\/\\\/www.tiktok.com\\\/@vilnius_tech?is_from_webapp=1&sender_device=pc\",\"https:\\\/\\\/www.instagram.com\\\/vilniustech\\\/\"]}]}<\/script>\n<!-- \/ Yoast SEO plugin. -->","yoast_head_json":{"title":"VILNIUS TECH J\u016brinink\u0173 mokymo centras \u2013 j\u016brininkams","description":"VILNIUS TECH J\u016brinink\u0173 mokymo centras \u2013 j\u016brininkams si\u016blo STCW, vidaus vanden\u0173 specialist\u0173 kursus bei mokymus pramogini\u0173 laiv\u0173 laivaved\u017eiams.","robots":{"index":"index","follow":"follow","max-snippet":"max-snippet:-1","max-image-preview":"max-image-preview:large","max-video-preview":"max-video-preview:-1"},"canonical":"https:\/\/vilniustech.lt\/en\/lithuanian-maritime-academy\/for-seafarers\/for-boatmasters-and-captains-of-leisure-powerboats\/","og_locale":"en_US","og_type":"article","og_title":"VILNIUS TECH J\u016brinink\u0173 mokymo centras \u2013 j\u016brininkams","og_description":"VILNIUS TECH J\u016brinink\u0173 mokymo centras \u2013 j\u016brininkams si\u016blo STCW, vidaus vanden\u0173 specialist\u0173 kursus bei mokymus pramogini\u0173 laiv\u0173 laivaved\u017eiams.","og_url":"https:\/\/vilniustech.lt\/en\/lithuanian-maritime-academy\/for-seafarers\/for-boatmasters-and-captains-of-leisure-powerboats\/","og_site_name":"VILNIUS TECH","article_publisher":"https:\/\/www.facebook.com\/vilniustech\/","article_modified_time":"2026-04-09T13:29:23+00:00","twitter_card":"summary_large_image","twitter_misc":{"Est. reading time":"2 minutes"},"schema":{"@context":"https:\/\/schema.org","@graph":[{"@type":"WebPage","@id":"https:\/\/vilniustech.lt\/en\/lithuanian-maritime-academy\/for-seafarers\/for-boatmasters-and-captains-of-leisure-powerboats\/","url":"https:\/\/vilniustech.lt\/en\/lithuanian-maritime-academy\/for-seafarers\/for-boatmasters-and-captains-of-leisure-powerboats\/","name":"VILNIUS TECH J\u016brinink\u0173 mokymo centras \u2013 j\u016brininkams","isPartOf":{"@id":"https:\/\/vilniustech.lt\/#website"},"datePublished":"2026-04-09T13:08:11+00:00","dateModified":"2026-04-09T13:29:23+00:00","description":"VILNIUS TECH J\u016brinink\u0173 mokymo centras \u2013 j\u016brininkams si\u016blo STCW, vidaus vanden\u0173 specialist\u0173 kursus bei mokymus pramogini\u0173 laiv\u0173 laivaved\u017eiams.","breadcrumb":{"@id":"https:\/\/vilniustech.lt\/en\/lithuanian-maritime-academy\/for-seafarers\/for-boatmasters-and-captains-of-leisure-powerboats\/#breadcrumb"},"inLanguage":"en-US","potentialAction":[{"@type":"ReadAction","target":["https:\/\/vilniustech.lt\/en\/lithuanian-maritime-academy\/for-seafarers\/for-boatmasters-and-captains-of-leisure-powerboats\/"]}]},{"@type":"BreadcrumbList","@id":"https:\/\/vilniustech.lt\/en\/lithuanian-maritime-academy\/for-seafarers\/for-boatmasters-and-captains-of-leisure-powerboats\/#breadcrumb","itemListElement":[{"@type":"ListItem","position":1,"name":"Home","item":"https:\/\/vilniustech.lt\/en\/"},{"@type":"ListItem","position":2,"name":"Lithuanian Maritime Academy","item":"https:\/\/vilniustech.lt\/en\/lithuanian-maritime-academy\/"},{"@type":"ListItem","position":3,"name":"For Seafarers","item":"https:\/\/vilniustech.lt\/en\/lithuanian-maritime-academy\/for-seafarers\/"},{"@type":"ListItem","position":4,"name":"For boatmasters and captains of leisure powerboats"}]},{"@type":"WebSite","@id":"https:\/\/vilniustech.lt\/#website","url":"https:\/\/vilniustech.lt\/","name":"VILNIUS TECH","description":"","publisher":{"@id":"https:\/\/vilniustech.lt\/#organization"},"alternateName":"Vilniaus Gedimino technikos universitetas","potentialAction":[{"@type":"SearchAction","target":{"@type":"EntryPoint","urlTemplate":"https:\/\/vilniustech.lt\/?s={search_term_string}"},"query-input":{"@type":"PropertyValueSpecification","valueRequired":true,"valueName":"search_term_string"}}],"inLanguage":"en-US"},{"@type":"Organization","@id":"https:\/\/vilniustech.lt\/#organization","name":"VILNIUS TECH","alternateName":"Vilniaus Gedimino technikos universitetas","url":"https:\/\/vilniustech.lt\/","logo":{"@type":"ImageObject","inLanguage":"en-US","@id":"https:\/\/vilniustech.lt\/#\/schema\/logo\/image\/","url":"https:\/\/test.vilniustech.lt\/wp-content\/uploads\/2025\/07\/download-1.png","contentUrl":"https:\/\/test.vilniustech.lt\/wp-content\/uploads\/2025\/07\/download-1.png","width":347,"height":121,"caption":"VILNIUS TECH"},"image":{"@id":"https:\/\/vilniustech.lt\/#\/schema\/logo\/image\/"},"sameAs":["https:\/\/www.facebook.com\/vilniustech\/","https:\/\/www.linkedin.com\/school\/vilniustech\/posts\/?feedView=all","https:\/\/www.youtube.com\/channel\/UCW4UCKB80NlgnD7SBJZMAlQ","https:\/\/www.tiktok.com\/@vilnius_tech?is_from_webapp=1&sender_device=pc","https:\/\/www.instagram.com\/vilniustech\/"]}]}},"_links":{"self":[{"href":"https:\/\/vilniustech.lt\/en\/wp-json\/wp\/v2\/pages\/111857","targetHints":{"allow":["GET"]}}],"collection":[{"href":"https:\/\/vilniustech.lt\/en\/wp-json\/wp\/v2\/pages"}],"about":[{"href":"https:\/\/vilniustech.lt\/en\/wp-json\/wp\/v2\/types\/page"}],"author":[{"embeddable":true,"href":"https:\/\/vilniustech.lt\/en\/wp-json\/wp\/v2\/users\/6"}],"replies":[{"embeddable":true,"href":"https:\/\/vilniustech.lt\/en\/wp-json\/wp\/v2\/comments?post=111857"}],"version-history":[{"count":2,"href":"https:\/\/vilniustech.lt\/en\/wp-json\/wp\/v2\/pages\/111857\/revisions"}],"predecessor-version":[{"id":111860,"href":"https:\/\/vilniustech.lt\/en\/wp-json\/wp\/v2\/pages\/111857\/revisions\/111860"}],"up":[{"embeddable":true,"href":"https:\/\/vilniustech.lt\/en\/wp-json\/wp\/v2\/pages\/85541"}],"wp:attachment":[{"href":"https:\/\/vilniustech.lt\/en\/wp-json\/wp\/v2\/media?parent=111857"}],"curies":[{"name":"wp","href":"https:\/\/api.w.org\/{rel}","templated":true}]}}