{"id":89418,"date":"2025-07-11T13:54:10","date_gmt":"2025-07-11T13:54:10","guid":{"rendered":"https:\/\/vilniustech.lt\/university\/universiteto-struktura\/"},"modified":"2026-03-02T06:33:11","modified_gmt":"2026-03-02T06:33:11","slug":"university-structure","status":"publish","type":"page","link":"https:\/\/vilniustech.lt\/en\/university\/university-structure\/","title":{"rendered":"University Structure"},"content":{"rendered":"","protected":false},"excerpt":{"rendered":"","protected":false},"author":1,"featured_media":0,"parent":3903,"menu_order":0,"comment_status":"closed","ping_status":"closed","template":"tp-master.php","meta":{"_acf_changed":false,"footnotes":""},"class_list":["post-89418","page","type-page","status-publish","hentry"],"acf":[],"yoast_head":"<!-- This site is optimized with the Yoast SEO plugin v27.4 - https:\/\/yoast.com\/product\/yoast-seo-wordpress\/ -->\n<title>VILNIUS TECH strukt\u016bra \u2013 valdymo organai ir j\u0173 funkcijos<\/title>\n<meta name=\"description\" content=\"VILNIUS TECH universiteto strukt\u016bra pristato tarybos, senato ir rektorato funkcijas bei j\u0173 atsakomybes universiteto valdyme.\" \/>\n<meta name=\"robots\" content=\"index, follow, max-snippet:-1, max-image-preview:large, max-video-preview:-1\" \/>\n<link rel=\"canonical\" href=\"https:\/\/vilniustech.lt\/en\/university\/university-structure\/\" \/>\n<meta property=\"og:locale\" content=\"en_US\" \/>\n<meta property=\"og:type\" content=\"article\" \/>\n<meta property=\"og:title\" content=\"VILNIUS TECH strukt\u016bra \u2013 valdymo organai ir j\u0173 funkcijos\" \/>\n<meta property=\"og:description\" content=\"VILNIUS TECH universiteto strukt\u016bra pristato tarybos, senato ir rektorato funkcijas bei j\u0173 atsakomybes universiteto valdyme.\" \/>\n<meta property=\"og:url\" content=\"https:\/\/vilniustech.lt\/en\/university\/university-structure\/\" \/>\n<meta property=\"og:site_name\" content=\"VILNIUS TECH\" \/>\n<meta property=\"article:publisher\" content=\"https:\/\/www.facebook.com\/vilniustech\/\" \/>\n<meta property=\"article:modified_time\" content=\"2026-03-02T06:33:11+00:00\" \/>\n<meta name=\"twitter:card\" content=\"summary_large_image\" \/>\n<meta name=\"twitter:label1\" content=\"Est. reading time\" \/>\n\t<meta name=\"twitter:data1\" content=\"14 minutes\" \/>\n<script type=\"application\/ld+json\" class=\"yoast-schema-graph\">{\"@context\":\"https:\\\/\\\/schema.org\",\"@graph\":[{\"@type\":\"WebPage\",\"@id\":\"https:\\\/\\\/vilniustech.lt\\\/en\\\/university\\\/university-structure\\\/\",\"url\":\"https:\\\/\\\/vilniustech.lt\\\/en\\\/university\\\/university-structure\\\/\",\"name\":\"VILNIUS TECH strukt\u016bra \u2013 valdymo organai ir j\u0173 funkcijos\",\"isPartOf\":{\"@id\":\"https:\\\/\\\/vilniustech.lt\\\/#website\"},\"datePublished\":\"2025-07-11T13:54:10+00:00\",\"dateModified\":\"2026-03-02T06:33:11+00:00\",\"description\":\"VILNIUS TECH universiteto strukt\u016bra pristato tarybos, senato ir rektorato funkcijas bei j\u0173 atsakomybes universiteto valdyme.\",\"breadcrumb\":{\"@id\":\"https:\\\/\\\/vilniustech.lt\\\/en\\\/university\\\/university-structure\\\/#breadcrumb\"},\"inLanguage\":\"en-US\",\"potentialAction\":[{\"@type\":\"ReadAction\",\"target\":[\"https:\\\/\\\/vilniustech.lt\\\/en\\\/university\\\/university-structure\\\/\"]}]},{\"@type\":\"BreadcrumbList\",\"@id\":\"https:\\\/\\\/vilniustech.lt\\\/en\\\/university\\\/university-structure\\\/#breadcrumb\",\"itemListElement\":[{\"@type\":\"ListItem\",\"position\":1,\"name\":\"Home\",\"item\":\"https:\\\/\\\/vilniustech.lt\\\/en\\\/\"},{\"@type\":\"ListItem\",\"position\":2,\"name\":\"University\",\"item\":\"https:\\\/\\\/vilniustech.lt\\\/en\\\/university\\\/\"},{\"@type\":\"ListItem\",\"position\":3,\"name\":\"University Structure\"}]},{\"@type\":\"WebSite\",\"@id\":\"https:\\\/\\\/vilniustech.lt\\\/#website\",\"url\":\"https:\\\/\\\/vilniustech.lt\\\/\",\"name\":\"VILNIUS TECH\",\"description\":\"\",\"publisher\":{\"@id\":\"https:\\\/\\\/vilniustech.lt\\\/#organization\"},\"alternateName\":\"Vilniaus Gedimino technikos universitetas\",\"potentialAction\":[{\"@type\":\"SearchAction\",\"target\":{\"@type\":\"EntryPoint\",\"urlTemplate\":\"https:\\\/\\\/vilniustech.lt\\\/?s={search_term_string}\"},\"query-input\":{\"@type\":\"PropertyValueSpecification\",\"valueRequired\":true,\"valueName\":\"search_term_string\"}}],\"inLanguage\":\"en-US\"},{\"@type\":\"Organization\",\"@id\":\"https:\\\/\\\/vilniustech.lt\\\/#organization\",\"name\":\"VILNIUS TECH\",\"alternateName\":\"Vilniaus Gedimino technikos universitetas\",\"url\":\"https:\\\/\\\/vilniustech.lt\\\/\",\"logo\":{\"@type\":\"ImageObject\",\"inLanguage\":\"en-US\",\"@id\":\"https:\\\/\\\/vilniustech.lt\\\/#\\\/schema\\\/logo\\\/image\\\/\",\"url\":\"https:\\\/\\\/test.vilniustech.lt\\\/wp-content\\\/uploads\\\/2025\\\/07\\\/download-1.png\",\"contentUrl\":\"https:\\\/\\\/test.vilniustech.lt\\\/wp-content\\\/uploads\\\/2025\\\/07\\\/download-1.png\",\"width\":347,\"height\":121,\"caption\":\"VILNIUS TECH\"},\"image\":{\"@id\":\"https:\\\/\\\/vilniustech.lt\\\/#\\\/schema\\\/logo\\\/image\\\/\"},\"sameAs\":[\"https:\\\/\\\/www.facebook.com\\\/vilniustech\\\/\",\"https:\\\/\\\/www.linkedin.com\\\/school\\\/vilniustech\\\/posts\\\/?feedView=all\",\"https:\\\/\\\/www.youtube.com\\\/channel\\\/UCW4UCKB80NlgnD7SBJZMAlQ\",\"https:\\\/\\\/www.tiktok.com\\\/@vilnius_tech?is_from_webapp=1&sender_device=pc\",\"https:\\\/\\\/www.instagram.com\\\/vilniustech\\\/\"]}]}<\/script>\n<!-- \/ Yoast SEO plugin. -->","yoast_head_json":{"title":"VILNIUS TECH strukt\u016bra \u2013 valdymo organai ir j\u0173 funkcijos","description":"VILNIUS TECH universiteto strukt\u016bra pristato tarybos, senato ir rektorato funkcijas bei j\u0173 atsakomybes universiteto valdyme.","robots":{"index":"index","follow":"follow","max-snippet":"max-snippet:-1","max-image-preview":"max-image-preview:large","max-video-preview":"max-video-preview:-1"},"canonical":"https:\/\/vilniustech.lt\/en\/university\/university-structure\/","og_locale":"en_US","og_type":"article","og_title":"VILNIUS TECH strukt\u016bra \u2013 valdymo organai ir j\u0173 funkcijos","og_description":"VILNIUS TECH universiteto strukt\u016bra pristato tarybos, senato ir rektorato funkcijas bei j\u0173 atsakomybes universiteto valdyme.","og_url":"https:\/\/vilniustech.lt\/en\/university\/university-structure\/","og_site_name":"VILNIUS TECH","article_publisher":"https:\/\/www.facebook.com\/vilniustech\/","article_modified_time":"2026-03-02T06:33:11+00:00","twitter_card":"summary_large_image","twitter_misc":{"Est. reading time":"14 minutes"},"schema":{"@context":"https:\/\/schema.org","@graph":[{"@type":"WebPage","@id":"https:\/\/vilniustech.lt\/en\/university\/university-structure\/","url":"https:\/\/vilniustech.lt\/en\/university\/university-structure\/","name":"VILNIUS TECH strukt\u016bra \u2013 valdymo organai ir j\u0173 funkcijos","isPartOf":{"@id":"https:\/\/vilniustech.lt\/#website"},"datePublished":"2025-07-11T13:54:10+00:00","dateModified":"2026-03-02T06:33:11+00:00","description":"VILNIUS TECH universiteto strukt\u016bra pristato tarybos, senato ir rektorato funkcijas bei j\u0173 atsakomybes universiteto valdyme.","breadcrumb":{"@id":"https:\/\/vilniustech.lt\/en\/university\/university-structure\/#breadcrumb"},"inLanguage":"en-US","potentialAction":[{"@type":"ReadAction","target":["https:\/\/vilniustech.lt\/en\/university\/university-structure\/"]}]},{"@type":"BreadcrumbList","@id":"https:\/\/vilniustech.lt\/en\/university\/university-structure\/#breadcrumb","itemListElement":[{"@type":"ListItem","position":1,"name":"Home","item":"https:\/\/vilniustech.lt\/en\/"},{"@type":"ListItem","position":2,"name":"University","item":"https:\/\/vilniustech.lt\/en\/university\/"},{"@type":"ListItem","position":3,"name":"University Structure"}]},{"@type":"WebSite","@id":"https:\/\/vilniustech.lt\/#website","url":"https:\/\/vilniustech.lt\/","name":"VILNIUS TECH","description":"","publisher":{"@id":"https:\/\/vilniustech.lt\/#organization"},"alternateName":"Vilniaus Gedimino technikos universitetas","potentialAction":[{"@type":"SearchAction","target":{"@type":"EntryPoint","urlTemplate":"https:\/\/vilniustech.lt\/?s={search_term_string}"},"query-input":{"@type":"PropertyValueSpecification","valueRequired":true,"valueName":"search_term_string"}}],"inLanguage":"en-US"},{"@type":"Organization","@id":"https:\/\/vilniustech.lt\/#organization","name":"VILNIUS TECH","alternateName":"Vilniaus Gedimino technikos universitetas","url":"https:\/\/vilniustech.lt\/","logo":{"@type":"ImageObject","inLanguage":"en-US","@id":"https:\/\/vilniustech.lt\/#\/schema\/logo\/image\/","url":"https:\/\/test.vilniustech.lt\/wp-content\/uploads\/2025\/07\/download-1.png","contentUrl":"https:\/\/test.vilniustech.lt\/wp-content\/uploads\/2025\/07\/download-1.png","width":347,"height":121,"caption":"VILNIUS TECH"},"image":{"@id":"https:\/\/vilniustech.lt\/#\/schema\/logo\/image\/"},"sameAs":["https:\/\/www.facebook.com\/vilniustech\/","https:\/\/www.linkedin.com\/school\/vilniustech\/posts\/?feedView=all","https:\/\/www.youtube.com\/channel\/UCW4UCKB80NlgnD7SBJZMAlQ","https:\/\/www.tiktok.com\/@vilnius_tech?is_from_webapp=1&sender_device=pc","https:\/\/www.instagram.com\/vilniustech\/"]}]}},"_links":{"self":[{"href":"https:\/\/vilniustech.lt\/en\/wp-json\/wp\/v2\/pages\/89418","targetHints":{"allow":["GET"]}}],"collection":[{"href":"https:\/\/vilniustech.lt\/en\/wp-json\/wp\/v2\/pages"}],"about":[{"href":"https:\/\/vilniustech.lt\/en\/wp-json\/wp\/v2\/types\/page"}],"author":[{"embeddable":true,"href":"https:\/\/vilniustech.lt\/en\/wp-json\/wp\/v2\/users\/1"}],"replies":[{"embeddable":true,"href":"https:\/\/vilniustech.lt\/en\/wp-json\/wp\/v2\/comments?post=89418"}],"version-history":[{"count":7,"href":"https:\/\/vilniustech.lt\/en\/wp-json\/wp\/v2\/pages\/89418\/revisions"}],"predecessor-version":[{"id":104644,"href":"https:\/\/vilniustech.lt\/en\/wp-json\/wp\/v2\/pages\/89418\/revisions\/104644"}],"up":[{"embeddable":true,"href":"https:\/\/vilniustech.lt\/en\/wp-json\/wp\/v2\/pages\/3903"}],"wp:attachment":[{"href":"https:\/\/vilniustech.lt\/en\/wp-json\/wp\/v2\/media?parent=89418"}],"curies":[{"name":"wp","href":"https:\/\/api.w.org\/{rel}","templated":true}]}}